{"id":1919,"date":"2023-06-19T09:42:47","date_gmt":"2023-06-19T07:42:47","guid":{"rendered":"https:\/\/llarscompartides.org\/que-puedes-hacer\/otras-ideas\/"},"modified":"2023-09-26T17:00:23","modified_gmt":"2023-09-26T15:00:23","slug":"otras-ideas","status":"publish","type":"page","link":"https:\/\/llarscompartides.org\/es\/que-puedes-hacer\/otras-ideas\/","title":{"rendered":"Otras ideas"},"content":{"rendered":"\t\t<div data-elementor-type=\"wp-page\" data-elementor-id=\"1919\" class=\"elementor elementor-1919 elementor-839\" data-elementor-post-type=\"page\">\n\t\t\t\t\t\t<section class=\"elementor-section elementor-top-section elementor-element elementor-element-91ea134 elementor-section-full_width qode_elementor_container_inner elementor-section-content-middle elementor-section-height-default elementor-section-height-default parallax_section_no\" data-id=\"91ea134\" data-element_type=\"section\" data-e-type=\"section\">\n\t\t\t\t\t\t<div class=\"elementor-container elementor-column-gap-no\">\n\t\t\t\t\t<div class=\"elementor-column elementor-col-100 elementor-top-column elementor-element elementor-element-876ac25\" data-id=\"876ac25\" data-element_type=\"column\" data-e-type=\"column\">\n\t\t\t<div class=\"elementor-widget-wrap elementor-element-populated\">\n\t\t\t\t\t\t<div class=\"elementor-element elementor-element-60e7c4e elementor-widget elementor-widget-bridge_custom_font\" data-id=\"60e7c4e\" data-element_type=\"widget\" data-e-type=\"widget\" data-widget_type=\"bridge_custom_font.default\">\n\t\t\t\t<div class=\"elementor-widget-container\">\n\t\t\t\t\t<div class=\"custom_font_holder \" style=\"font-family: prata; font-style: normal; font-weight: 500; color: #DE811C; text-decoration: none; text-align: center; --qode-cf-font-size: 22px; --qode-cf-line-height: 26px; --qode-cf-font-size-1440: 22px; --qode-cf-line-height-1440: 26px; --qode-cf-font-size-1366: 22px; --qode-cf-line-height-1366: 26px; --qode-cf-font-size-1280: 22px; --qode-cf-line-height-1280: 26px; --qode-cf-font-size-1024: 22px; --qode-cf-line-height-1024: 26px; --qode-cf-font-size-768: 22px; --qode-cf-line-height-768: 26px; --qode-cf-font-size-680: 22px; --qode-cf-line-height-680: 26px; --qode-cf-font-size-480: 22px; --qode-cf-line-height-480: 26px;\">Qu\u00e9 puedes hacer - Otras ideas<\/div>\t\t\t\t<\/div>\n\t\t\t\t<\/div>\n\t\t\t\t<div class=\"elementor-element elementor-element-939566e elementor-widget__width-initial elementor-widget elementor-widget-heading\" data-id=\"939566e\" data-element_type=\"widget\" data-e-type=\"widget\" data-widget_type=\"heading.default\">\n\t\t\t\t<div class=\"elementor-widget-container\">\n\t\t\t\t\t<h2 class=\"elementor-heading-title elementor-size-default\">Colabora para un futuro sin problemas de vivienda para la genta mayor<\/h2>\t\t\t\t<\/div>\n\t\t\t\t<\/div>\n\t\t\t\t\t<\/div>\n\t\t<\/div>\n\t\t\t\t\t<\/div>\n\t\t<\/section>\n\t\t\t\t<section style=\"background-image: url(https:\/\/llarscompartides.org\/wp-content\/uploads\/2023\/07\/home-slider-doble_color-scaled.jpg);\" class=\"parallax_section_holder elementor-section elementor-top-section elementor-element elementor-element-2c8ffd9 elementor-section-full_width parallax_section_holder elementor-section-height-default elementor-section-height-default qode_elementor_container_no\" data-speed=\"0\" data-id=\"2c8ffd9\" data-element_type=\"section\" data-e-type=\"section\" data-settings=\"{&quot;background_background&quot;:&quot;classic&quot;,&quot;qode_parallax_image&quot;:{&quot;url&quot;:&quot;https:\\\/\\\/llarscompartides.org\\\/wp-content\\\/uploads\\\/2023\\\/07\\\/home-slider-doble_color-scaled.jpg&quot;,&quot;id&quot;:1538,&quot;size&quot;:&quot;&quot;,&quot;alt&quot;:&quot;&quot;,&quot;source&quot;:&quot;library&quot;}}\">\n\t\t\t\t\t\t<div class=\"elementor-container elementor-column-gap-default\">\n\t\t\t\t\t<div class=\"elementor-column elementor-col-33 elementor-top-column elementor-element elementor-element-e73633c\" data-id=\"e73633c\" data-element_type=\"column\" data-e-type=\"column\" data-settings=\"{&quot;background_background&quot;:&quot;slideshow&quot;,&quot;background_slideshow_gallery&quot;:[],&quot;background_slideshow_loop&quot;:&quot;yes&quot;,&quot;background_slideshow_slide_duration&quot;:5000,&quot;background_slideshow_slide_transition&quot;:&quot;fade&quot;,&quot;background_slideshow_transition_duration&quot;:500}\">\n\t\t\t<div class=\"elementor-widget-wrap elementor-element-populated\">\n\t\t\t\t\t\t<div class=\"elementor-element elementor-element-91073de elementor-widget elementor-widget-spacer\" data-id=\"91073de\" data-element_type=\"widget\" data-e-type=\"widget\" data-widget_type=\"spacer.default\">\n\t\t\t\t<div class=\"elementor-widget-container\">\n\t\t\t\t\t\t\t<div class=\"elementor-spacer\">\n\t\t\t<div class=\"elementor-spacer-inner\"><\/div>\n\t\t<\/div>\n\t\t\t\t\t\t<\/div>\n\t\t\t\t<\/div>\n\t\t\t\t\t<\/div>\n\t\t<\/div>\n\t\t\t\t<div class=\"elementor-column elementor-col-33 elementor-top-column elementor-element elementor-element-7e5c9f6 elementor-hidden-tablet elementor-hidden-mobile\" data-id=\"7e5c9f6\" data-element_type=\"column\" data-e-type=\"column\">\n\t\t\t<div class=\"elementor-widget-wrap\">\n\t\t\t\t\t\t\t<\/div>\n\t\t<\/div>\n\t\t\t\t<div class=\"elementor-column elementor-col-33 elementor-top-column elementor-element elementor-element-6fd4498 elementor-hidden-tablet elementor-hidden-mobile\" data-id=\"6fd4498\" data-element_type=\"column\" data-e-type=\"column\">\n\t\t\t<div class=\"elementor-widget-wrap\">\n\t\t\t\t\t\t\t<\/div>\n\t\t<\/div>\n\t\t\t\t\t<\/div>\n\t\t<\/section>\n\t\t\t\t<section class=\"elementor-section elementor-top-section elementor-element elementor-element-84549c0 elementor-section-full_width elementor-section-height-default elementor-section-height-default parallax_section_no qode_elementor_container_no\" data-id=\"84549c0\" data-element_type=\"section\" data-e-type=\"section\" data-settings=\"{&quot;background_background&quot;:&quot;classic&quot;}\">\n\t\t\t\t\t\t<div class=\"elementor-container elementor-column-gap-default\">\n\t\t\t\t\t<div class=\"elementor-column elementor-col-100 elementor-top-column elementor-element elementor-element-56dec26\" data-id=\"56dec26\" data-element_type=\"column\" data-e-type=\"column\">\n\t\t\t<div class=\"elementor-widget-wrap elementor-element-populated\">\n\t\t\t\t\t\t<section class=\"elementor-section elementor-inner-section elementor-element elementor-element-1e15656 elementor-section-full_width qode_elementor_container_inner elementor-section-height-default elementor-section-height-default parallax_section_no\" data-id=\"1e15656\" data-element_type=\"section\" data-e-type=\"section\">\n\t\t\t\t\t\t<div class=\"elementor-container elementor-column-gap-default\">\n\t\t\t\t\t<div class=\"elementor-column elementor-col-50 elementor-inner-column elementor-element elementor-element-271e34d\" data-id=\"271e34d\" data-element_type=\"column\" data-e-type=\"column\">\n\t\t\t<div class=\"elementor-widget-wrap elementor-element-populated\">\n\t\t\t\t\t\t<div class=\"elementor-element elementor-element-50485fe elementor-widget elementor-widget-heading\" data-id=\"50485fe\" data-element_type=\"widget\" data-e-type=\"widget\" data-widget_type=\"heading.default\">\n\t\t\t\t<div class=\"elementor-widget-container\">\n\t\t\t\t\t<h6 class=\"elementor-heading-title elementor-size-default\">Fundaci\u00f3n llars compartides<\/h6>\t\t\t\t<\/div>\n\t\t\t\t<\/div>\n\t\t\t\t<div class=\"elementor-element elementor-element-001a4f7 elementor-widget elementor-widget-heading\" data-id=\"001a4f7\" data-element_type=\"widget\" data-e-type=\"widget\" data-widget_type=\"heading.default\">\n\t\t\t\t<div class=\"elementor-widget-container\">\n\t\t\t\t\t<h2 class=\"elementor-heading-title elementor-size-default\">Otras ideas<\/h2>\t\t\t\t<\/div>\n\t\t\t\t<\/div>\n\t\t\t\t<div class=\"elementor-element elementor-element-1bbac8c elementor-widget elementor-widget-heading\" data-id=\"1bbac8c\" data-element_type=\"widget\" data-e-type=\"widget\" data-widget_type=\"heading.default\">\n\t\t\t\t<div class=\"elementor-widget-container\">\n\t\t\t\t\t<h4 class=\"elementor-heading-title elementor-size-default\">Convierte cualquier evento especial en un acto solidario. <\/h4>\t\t\t\t<\/div>\n\t\t\t\t<\/div>\n\t\t\t\t\t<\/div>\n\t\t<\/div>\n\t\t\t\t<div class=\"elementor-column elementor-col-50 elementor-inner-column elementor-element elementor-element-b5efb57\" data-id=\"b5efb57\" data-element_type=\"column\" data-e-type=\"column\">\n\t\t\t<div class=\"elementor-widget-wrap elementor-element-populated\">\n\t\t\t\t\t\t<div class=\"elementor-element elementor-element-491d4a1 elementor-widget elementor-widget-qi_addons_for_elementor_icon_with_text\" data-id=\"491d4a1\" data-element_type=\"widget\" data-e-type=\"widget\" data-widget_type=\"qi_addons_for_elementor_icon_with_text.default\">\n\t\t\t\t<div class=\"elementor-widget-container\">\n\t\t\t\t\t<div class=\"qodef-shortcode qodef-m qodef-qi-icon-with-text qodef-layout--before-content qodef--icon-pack qodef-column-responsive--never\" >\n\t\t\t<div class=\"qodef-m-icon-wrapper\">\n\t\t\t\t<div class=\"qodef-m-icon-holder\">\n\t\t<i aria-hidden=\"true\" class=\"fas fa-birthday-cake\"><\/i>\t<\/div>\n\t\t<\/div>\n\t\t<div class=\"qodef-m-content\">\n\t\t\t<h4 class=\"qodef-m-title\">\n\t\t\t\t\t<span class=\"qodef-m-title-text\">Evento solidario<\/span>\n\t\t\t<\/h4>\n\t\t\t\t\t<div class=\"qodef-m-text\"><p>Una fiesta de cumplea\u00f1os, una fecha especial de tu empresa o de la clase, nos puede ser muy \u00fatil.<br>Si quieres organizar un acto a beneficio de la Fundaci\u00f3n, env\u00edanos un correo a<br><a class=\"bb a_bb\" href=\"http:\/\/comunicacio@llarscompartides.org\/\"><span class=\"bb span_bb\">comunicacio@llarscompartides.org<\/span><\/a><\/p><\/div>\n\t\t\t<\/div>\n<\/div>\n\t\t\t\t<\/div>\n\t\t\t\t<\/div>\n\t\t\t\t<div class=\"elementor-element elementor-element-3bb3870 elementor-widget elementor-widget-qi_addons_for_elementor_icon_with_text\" data-id=\"3bb3870\" data-element_type=\"widget\" data-e-type=\"widget\" data-widget_type=\"qi_addons_for_elementor_icon_with_text.default\">\n\t\t\t\t<div class=\"elementor-widget-container\">\n\t\t\t\t\t<div class=\"qodef-shortcode qodef-m qodef-qi-icon-with-text qodef-layout--before-content qodef--icon-pack qodef-column-responsive--never\" >\n\t\t\t<div class=\"qodef-m-icon-wrapper\">\n\t\t\t\t<div class=\"qodef-m-icon-holder\">\n\t\t<i aria-hidden=\"true\" class=\"fas fa-running\"><\/i>\t<\/div>\n\t\t<\/div>\n\t\t<div class=\"qodef-m-content\">\n\t\t\t<h4 class=\"qodef-m-title\">\n\t\t\t\t\t<span class=\"qodef-m-title-text\">Retos personales<\/span>\n\t\t\t<\/h4>\n\t\t\t\t\t<div class=\"qodef-m-text\"><p><span class=\"bb span_bb\">\u00bfParticipas en competiciones deportivas? Dedica a tus retos a la Fundaci\u00f3n.<\/span><\/p><\/div>\n\t\t\t<\/div>\n<\/div>\n\t\t\t\t<\/div>\n\t\t\t\t<\/div>\n\t\t\t\t<div class=\"elementor-element elementor-element-543e4ec elementor-widget elementor-widget-qi_addons_for_elementor_icon_with_text\" data-id=\"543e4ec\" data-element_type=\"widget\" data-e-type=\"widget\" data-widget_type=\"qi_addons_for_elementor_icon_with_text.default\">\n\t\t\t\t<div class=\"elementor-widget-container\">\n\t\t\t\t\t<div class=\"qodef-shortcode qodef-m qodef-qi-icon-with-text qodef-layout--before-content qodef--icon-pack qodef-column-responsive--never\" >\n\t\t\t<div class=\"qodef-m-icon-wrapper\">\n\t\t\t\t<div class=\"qodef-m-icon-holder\">\n\t\t<i aria-hidden=\"true\" class=\"fas fa-volume-up\"><\/i>\t<\/div>\n\t\t<\/div>\n\t\t<div class=\"qodef-m-content\">\n\t\t\t<h4 class=\"qodef-m-title\">\n\t\t\t\t\t<span class=\"qodef-m-title-text\">Difusi\u00f3n<\/span>\n\t\t\t<\/h4>\n\t\t\t\t\t<div class=\"qodef-m-text\"><p><span class=\"bb span_bb\">\u00a1Cualquier idea que pienses para darnos a conocer tiene mucho valor!<\/span><\/p><\/div>\n\t\t\t<\/div>\n<\/div>\n\t\t\t\t<\/div>\n\t\t\t\t<\/div>\n\t\t\t\t<div class=\"elementor-element elementor-element-866008c elementor-widget elementor-widget-qi_addons_for_elementor_icon_with_text\" data-id=\"866008c\" data-element_type=\"widget\" data-e-type=\"widget\" data-widget_type=\"qi_addons_for_elementor_icon_with_text.default\">\n\t\t\t\t<div class=\"elementor-widget-container\">\n\t\t\t\t\t<div class=\"qodef-shortcode qodef-m qodef-qi-icon-with-text qodef-layout--before-content qodef--icon-pack qodef-column-responsive--never\" >\n\t\t\t<div class=\"qodef-m-icon-wrapper\">\n\t\t\t\t<div class=\"qodef-m-icon-holder\">\n\t\t<i aria-hidden=\"true\" class=\"far fa-lightbulb\"><\/i>\t<\/div>\n\t\t<\/div>\n\t\t<div class=\"qodef-m-content\">\n\t\t\t<h4 class=\"qodef-m-title\">\n\t\t\t\t\t<span class=\"qodef-m-title-text\">\u00bfOtras ideas?<\/span>\n\t\t\t<\/h4>\n\t\t\t\t\t<div class=\"qodef-m-text\"><p><span class=\"bb span_bb\">\u00a1No lo dudes, contacta con nosotros!<\/span><\/p><\/div>\n\t\t\t<\/div>\n<\/div>\n\t\t\t\t<\/div>\n\t\t\t\t<\/div>\n\t\t\t\t\t<\/div>\n\t\t<\/div>\n\t\t\t\t\t<\/div>\n\t\t<\/section>\n\t\t\t\t\t<\/div>\n\t\t<\/div>\n\t\t\t\t\t<\/div>\n\t\t<\/section>\n\t\t\t\t<section class=\"elementor-section elementor-top-section elementor-element elementor-element-dd7e9a9 elementor-section-full_width qode_elementor_container_inner elementor-section-height-default elementor-section-height-default parallax_section_no\" data-id=\"dd7e9a9\" data-element_type=\"section\" data-e-type=\"section\">\n\t\t\t\t\t\t<div class=\"elementor-container elementor-column-gap-no\">\n\t\t\t\t\t<div class=\"elementor-column elementor-col-100 elementor-top-column elementor-element elementor-element-c1ae869\" data-id=\"c1ae869\" data-element_type=\"column\" data-e-type=\"column\">\n\t\t\t<div class=\"elementor-widget-wrap elementor-element-populated\">\n\t\t\t\t\t\t<div class=\"elementor-element elementor-element-4eaf3aa elementor-widget elementor-widget-heading\" data-id=\"4eaf3aa\" data-element_type=\"widget\" data-e-type=\"widget\" data-widget_type=\"heading.default\">\n\t\t\t\t<div class=\"elementor-widget-container\">\n\t\t\t\t\t<h2 class=\"elementor-heading-title elementor-size-default\">Trabajamos con el cohousing para dignificar el envejecimiento de las personas mayores.<\/h2>\t\t\t\t<\/div>\n\t\t\t\t<\/div>\n\t\t\t\t\t<\/div>\n\t\t<\/div>\n\t\t\t\t\t<\/div>\n\t\t<\/section>\n\t\t\t\t<\/div>\n\t\t","protected":false},"excerpt":{"rendered":"<p>Qu\u00e9 puedes hacer &#8211; Otras ideas Colabora para un futuro sin problemas de vivienda para la genta mayor Fundaci\u00f3n llars compartides Otras ideas Convierte cualquier evento especial en un acto solidario. Evento solidario Una fiesta de cumplea\u00f1os, una fecha especial de tu empresa o de&#8230;<\/p>\n","protected":false},"author":3,"featured_media":0,"parent":1915,"menu_order":6,"comment_status":"closed","ping_status":"closed","template":"full_width.php","meta":{"footnotes":""},"class_list":["post-1919","page","type-page","status-publish","hentry"],"yoast_head":"<!-- This site is optimized with the Yoast SEO plugin v27.5 - https:\/\/yoast.com\/product\/yoast-seo-wordpress\/ -->\n<title>Otras ideas - FLLC<\/title>\n<meta name=\"robots\" content=\"index, follow, max-snippet:-1, max-image-preview:large, max-video-preview:-1\" \/>\n<link rel=\"canonical\" href=\"https:\/\/llarscompartides.org\/es\/que-puedes-hacer\/otras-ideas\/\" \/>\n<meta property=\"og:locale\" content=\"es_ES\" \/>\n<meta property=\"og:type\" content=\"article\" \/>\n<meta property=\"og:title\" content=\"Otras ideas - FLLC\" \/>\n<meta property=\"og:description\" content=\"Qu\u00e9 puedes hacer &#8211; Otras ideas Colabora para un futuro sin problemas de vivienda para la genta mayor Fundaci\u00f3n llars compartides Otras ideas Convierte cualquier evento especial en un acto solidario. Evento solidario Una fiesta de cumplea\u00f1os, una fecha especial de tu empresa o de...\" \/>\n<meta property=\"og:url\" content=\"https:\/\/llarscompartides.org\/es\/que-puedes-hacer\/otras-ideas\/\" \/>\n<meta property=\"og:site_name\" content=\"FLLC\" \/>\n<meta property=\"article:modified_time\" content=\"2023-09-26T15:00:23+00:00\" \/>\n<meta name=\"twitter:card\" content=\"summary_large_image\" \/>\n<meta name=\"twitter:site\" content=\"@LlarsCompartids\" \/>\n<meta name=\"twitter:label1\" content=\"Tiempo de lectura\" \/>\n\t<meta name=\"twitter:data1\" content=\"1 minuto\" \/>\n<script type=\"application\/ld+json\" class=\"yoast-schema-graph\">{\"@context\":\"https:\\\/\\\/schema.org\",\"@graph\":[{\"@type\":\"WebPage\",\"@id\":\"https:\\\/\\\/llarscompartides.org\\\/es\\\/que-puedes-hacer\\\/otras-ideas\\\/\",\"url\":\"https:\\\/\\\/llarscompartides.org\\\/es\\\/que-puedes-hacer\\\/otras-ideas\\\/\",\"name\":\"Otras ideas - FLLC\",\"isPartOf\":{\"@id\":\"https:\\\/\\\/llarscompartides.org\\\/es\\\/#website\"},\"datePublished\":\"2023-06-19T07:42:47+00:00\",\"dateModified\":\"2023-09-26T15:00:23+00:00\",\"breadcrumb\":{\"@id\":\"https:\\\/\\\/llarscompartides.org\\\/es\\\/que-puedes-hacer\\\/otras-ideas\\\/#breadcrumb\"},\"inLanguage\":\"es\",\"potentialAction\":[{\"@type\":\"ReadAction\",\"target\":[\"https:\\\/\\\/llarscompartides.org\\\/es\\\/que-puedes-hacer\\\/otras-ideas\\\/\"]}]},{\"@type\":\"BreadcrumbList\",\"@id\":\"https:\\\/\\\/llarscompartides.org\\\/es\\\/que-puedes-hacer\\\/otras-ideas\\\/#breadcrumb\",\"itemListElement\":[{\"@type\":\"ListItem\",\"position\":1,\"name\":\"Home\",\"item\":\"https:\\\/\\\/llarscompartides.org\\\/es\\\/inicio-nueva\\\/\"},{\"@type\":\"ListItem\",\"position\":2,\"name\":\"Qu\u00e9 puedes hacer\",\"item\":\"https:\\\/\\\/llarscompartides.org\\\/es\\\/que-puedes-hacer\\\/\"},{\"@type\":\"ListItem\",\"position\":3,\"name\":\"Otras ideas\"}]},{\"@type\":\"WebSite\",\"@id\":\"https:\\\/\\\/llarscompartides.org\\\/es\\\/#website\",\"url\":\"https:\\\/\\\/llarscompartides.org\\\/es\\\/\",\"name\":\"llarscompartides.com\",\"description\":\"Fundaci\u00f3 llars compartides\",\"publisher\":{\"@id\":\"https:\\\/\\\/llarscompartides.org\\\/es\\\/#organization\"},\"potentialAction\":[{\"@type\":\"SearchAction\",\"target\":{\"@type\":\"EntryPoint\",\"urlTemplate\":\"https:\\\/\\\/llarscompartides.org\\\/es\\\/?s={search_term_string}\"},\"query-input\":{\"@type\":\"PropertyValueSpecification\",\"valueRequired\":true,\"valueName\":\"search_term_string\"}}],\"inLanguage\":\"es\"},{\"@type\":\"Organization\",\"@id\":\"https:\\\/\\\/llarscompartides.org\\\/es\\\/#organization\",\"name\":\"Fundaci\u00f3 Llars Compartides\",\"url\":\"https:\\\/\\\/llarscompartides.org\\\/es\\\/\",\"logo\":{\"@type\":\"ImageObject\",\"inLanguage\":\"es\",\"@id\":\"https:\\\/\\\/llarscompartides.org\\\/es\\\/#\\\/schema\\\/logo\\\/image\\\/\",\"url\":\"https:\\\/\\\/llarscompartides.org\\\/wp-content\\\/uploads\\\/2023\\\/06\\\/logo-llars-compartides-001.jpg\",\"contentUrl\":\"https:\\\/\\\/llarscompartides.org\\\/wp-content\\\/uploads\\\/2023\\\/06\\\/logo-llars-compartides-001.jpg\",\"width\":1684,\"height\":1191,\"caption\":\"Fundaci\u00f3 Llars Compartides\"},\"image\":{\"@id\":\"https:\\\/\\\/llarscompartides.org\\\/es\\\/#\\\/schema\\\/logo\\\/image\\\/\"},\"sameAs\":[\"https:\\\/\\\/x.com\\\/LlarsCompartids\",\"https:\\\/\\\/www.linkedin.com\\\/in\\\/fundaci-privada-llars-compartides-930216a6\\\/\"]}]}<\/script>\n<!-- \/ Yoast SEO plugin. -->","yoast_head_json":{"title":"Otras ideas - FLLC","robots":{"index":"index","follow":"follow","max-snippet":"max-snippet:-1","max-image-preview":"max-image-preview:large","max-video-preview":"max-video-preview:-1"},"canonical":"https:\/\/llarscompartides.org\/es\/que-puedes-hacer\/otras-ideas\/","og_locale":"es_ES","og_type":"article","og_title":"Otras ideas - FLLC","og_description":"Qu\u00e9 puedes hacer &#8211; Otras ideas Colabora para un futuro sin problemas de vivienda para la genta mayor Fundaci\u00f3n llars compartides Otras ideas Convierte cualquier evento especial en un acto solidario. Evento solidario Una fiesta de cumplea\u00f1os, una fecha especial de tu empresa o de...","og_url":"https:\/\/llarscompartides.org\/es\/que-puedes-hacer\/otras-ideas\/","og_site_name":"FLLC","article_modified_time":"2023-09-26T15:00:23+00:00","twitter_card":"summary_large_image","twitter_site":"@LlarsCompartids","twitter_misc":{"Tiempo de lectura":"1 minuto"},"schema":{"@context":"https:\/\/schema.org","@graph":[{"@type":"WebPage","@id":"https:\/\/llarscompartides.org\/es\/que-puedes-hacer\/otras-ideas\/","url":"https:\/\/llarscompartides.org\/es\/que-puedes-hacer\/otras-ideas\/","name":"Otras ideas - FLLC","isPartOf":{"@id":"https:\/\/llarscompartides.org\/es\/#website"},"datePublished":"2023-06-19T07:42:47+00:00","dateModified":"2023-09-26T15:00:23+00:00","breadcrumb":{"@id":"https:\/\/llarscompartides.org\/es\/que-puedes-hacer\/otras-ideas\/#breadcrumb"},"inLanguage":"es","potentialAction":[{"@type":"ReadAction","target":["https:\/\/llarscompartides.org\/es\/que-puedes-hacer\/otras-ideas\/"]}]},{"@type":"BreadcrumbList","@id":"https:\/\/llarscompartides.org\/es\/que-puedes-hacer\/otras-ideas\/#breadcrumb","itemListElement":[{"@type":"ListItem","position":1,"name":"Home","item":"https:\/\/llarscompartides.org\/es\/inicio-nueva\/"},{"@type":"ListItem","position":2,"name":"Qu\u00e9 puedes hacer","item":"https:\/\/llarscompartides.org\/es\/que-puedes-hacer\/"},{"@type":"ListItem","position":3,"name":"Otras ideas"}]},{"@type":"WebSite","@id":"https:\/\/llarscompartides.org\/es\/#website","url":"https:\/\/llarscompartides.org\/es\/","name":"llarscompartides.com","description":"Fundaci\u00f3 llars compartides","publisher":{"@id":"https:\/\/llarscompartides.org\/es\/#organization"},"potentialAction":[{"@type":"SearchAction","target":{"@type":"EntryPoint","urlTemplate":"https:\/\/llarscompartides.org\/es\/?s={search_term_string}"},"query-input":{"@type":"PropertyValueSpecification","valueRequired":true,"valueName":"search_term_string"}}],"inLanguage":"es"},{"@type":"Organization","@id":"https:\/\/llarscompartides.org\/es\/#organization","name":"Fundaci\u00f3 Llars Compartides","url":"https:\/\/llarscompartides.org\/es\/","logo":{"@type":"ImageObject","inLanguage":"es","@id":"https:\/\/llarscompartides.org\/es\/#\/schema\/logo\/image\/","url":"https:\/\/llarscompartides.org\/wp-content\/uploads\/2023\/06\/logo-llars-compartides-001.jpg","contentUrl":"https:\/\/llarscompartides.org\/wp-content\/uploads\/2023\/06\/logo-llars-compartides-001.jpg","width":1684,"height":1191,"caption":"Fundaci\u00f3 Llars Compartides"},"image":{"@id":"https:\/\/llarscompartides.org\/es\/#\/schema\/logo\/image\/"},"sameAs":["https:\/\/x.com\/LlarsCompartids","https:\/\/www.linkedin.com\/in\/fundaci-privada-llars-compartides-930216a6\/"]}]}},"_links":{"self":[{"href":"https:\/\/llarscompartides.org\/es\/wp-json\/wp\/v2\/pages\/1919","targetHints":{"allow":["GET"]}}],"collection":[{"href":"https:\/\/llarscompartides.org\/es\/wp-json\/wp\/v2\/pages"}],"about":[{"href":"https:\/\/llarscompartides.org\/es\/wp-json\/wp\/v2\/types\/page"}],"author":[{"embeddable":true,"href":"https:\/\/llarscompartides.org\/es\/wp-json\/wp\/v2\/users\/3"}],"replies":[{"embeddable":true,"href":"https:\/\/llarscompartides.org\/es\/wp-json\/wp\/v2\/comments?post=1919"}],"version-history":[{"count":3,"href":"https:\/\/llarscompartides.org\/es\/wp-json\/wp\/v2\/pages\/1919\/revisions"}],"predecessor-version":[{"id":2204,"href":"https:\/\/llarscompartides.org\/es\/wp-json\/wp\/v2\/pages\/1919\/revisions\/2204"}],"up":[{"embeddable":true,"href":"https:\/\/llarscompartides.org\/es\/wp-json\/wp\/v2\/pages\/1915"}],"wp:attachment":[{"href":"https:\/\/llarscompartides.org\/es\/wp-json\/wp\/v2\/media?parent=1919"}],"curies":[{"name":"wp","href":"https:\/\/api.w.org\/{rel}","templated":true}]}}