{"id":1911,"date":"2023-06-19T09:40:38","date_gmt":"2023-06-19T07:40:38","guid":{"rendered":"https:\/\/llarscompartides.org\/herencies-y-legados\/"},"modified":"2023-07-19T12:31:11","modified_gmt":"2023-07-19T10:31:11","slug":"herencies-y-legados","status":"publish","type":"page","link":"https:\/\/llarscompartides.org\/es\/que-puedes-hacer\/herencies-y-legados\/","title":{"rendered":"Herencies y legados"},"content":{"rendered":"\t\t<div data-elementor-type=\"wp-page\" data-elementor-id=\"1911\" class=\"elementor elementor-1911 elementor-835\" data-elementor-post-type=\"page\">\n\t\t\t\t\t\t<section class=\"elementor-section elementor-top-section elementor-element elementor-element-59e320b elementor-section-full_width qode_elementor_container_inner elementor-section-content-middle elementor-section-height-default elementor-section-height-default parallax_section_no\" data-id=\"59e320b\" data-element_type=\"section\" data-e-type=\"section\">\n\t\t\t\t\t\t<div class=\"elementor-container elementor-column-gap-no\">\n\t\t\t\t\t<div class=\"elementor-column elementor-col-100 elementor-top-column elementor-element elementor-element-d98ff59\" data-id=\"d98ff59\" data-element_type=\"column\" data-e-type=\"column\">\n\t\t\t<div class=\"elementor-widget-wrap elementor-element-populated\">\n\t\t\t\t\t\t<div class=\"elementor-element elementor-element-3b01c37 elementor-widget elementor-widget-bridge_custom_font\" data-id=\"3b01c37\" data-element_type=\"widget\" data-e-type=\"widget\" data-widget_type=\"bridge_custom_font.default\">\n\t\t\t\t<div class=\"elementor-widget-container\">\n\t\t\t\t\t<div class=\"custom_font_holder \" style=\"font-family: prata; font-style: normal; font-weight: 500; color: #DE811C; text-decoration: none; text-align: center; --qode-cf-font-size: 22px; --qode-cf-line-height: 26px; --qode-cf-font-size-1440: 22px; --qode-cf-line-height-1440: 26px; --qode-cf-font-size-1366: 22px; --qode-cf-line-height-1366: 26px; --qode-cf-font-size-1280: 22px; --qode-cf-line-height-1280: 26px; --qode-cf-font-size-1024: 22px; --qode-cf-line-height-1024: 26px; --qode-cf-font-size-768: 22px; --qode-cf-line-height-768: 26px; --qode-cf-font-size-680: 22px; --qode-cf-line-height-680: 26px; --qode-cf-font-size-480: 22px; --qode-cf-line-height-480: 26px;\">Qu\u00e9 puedes hacer - Hererencias y legados<\/div>\t\t\t\t<\/div>\n\t\t\t\t<\/div>\n\t\t\t\t<div class=\"elementor-element elementor-element-a62a888 elementor-widget__width-initial elementor-widget elementor-widget-heading\" data-id=\"a62a888\" data-element_type=\"widget\" data-e-type=\"widget\" data-widget_type=\"heading.default\">\n\t\t\t\t<div class=\"elementor-widget-container\">\n\t\t\t\t\t<h2 class=\"elementor-heading-title elementor-size-default\">Hacer testamento a favor de una organizaci\u00f3n ben\u00e9fica, es la mejor manera de ofrecer tu solidaridad m\u00e1s all\u00e1 del tiempo.<\/h2>\t\t\t\t<\/div>\n\t\t\t\t<\/div>\n\t\t\t\t\t<\/div>\n\t\t<\/div>\n\t\t\t\t\t<\/div>\n\t\t<\/section>\n\t\t\t\t<section style=\"background-image: url(https:\/\/llarscompartides.org\/wp-content\/uploads\/2023\/07\/home-slider-doble_color-scaled.jpg);\" class=\"parallax_section_holder elementor-section elementor-top-section elementor-element elementor-element-2c8ffd9 elementor-section-full_width parallax_section_holder elementor-section-height-default elementor-section-height-default qode_elementor_container_no\" data-speed=\"0\" data-id=\"2c8ffd9\" data-element_type=\"section\" data-e-type=\"section\" data-settings=\"{&quot;background_background&quot;:&quot;classic&quot;,&quot;qode_parallax_image&quot;:{&quot;url&quot;:&quot;https:\\\/\\\/llarscompartides.org\\\/wp-content\\\/uploads\\\/2023\\\/07\\\/home-slider-doble_color-scaled.jpg&quot;,&quot;id&quot;:1538,&quot;size&quot;:&quot;&quot;,&quot;alt&quot;:&quot;&quot;,&quot;source&quot;:&quot;library&quot;}}\">\n\t\t\t\t\t\t<div class=\"elementor-container elementor-column-gap-default\">\n\t\t\t\t\t<div class=\"elementor-column elementor-col-33 elementor-top-column elementor-element elementor-element-e73633c\" data-id=\"e73633c\" data-element_type=\"column\" data-e-type=\"column\" data-settings=\"{&quot;background_background&quot;:&quot;slideshow&quot;,&quot;background_slideshow_gallery&quot;:[],&quot;background_slideshow_loop&quot;:&quot;yes&quot;,&quot;background_slideshow_slide_duration&quot;:5000,&quot;background_slideshow_slide_transition&quot;:&quot;fade&quot;,&quot;background_slideshow_transition_duration&quot;:500}\">\n\t\t\t<div class=\"elementor-widget-wrap elementor-element-populated\">\n\t\t\t\t\t\t<div class=\"elementor-element elementor-element-91073de elementor-widget elementor-widget-spacer\" data-id=\"91073de\" data-element_type=\"widget\" data-e-type=\"widget\" data-widget_type=\"spacer.default\">\n\t\t\t\t<div class=\"elementor-widget-container\">\n\t\t\t\t\t\t\t<div class=\"elementor-spacer\">\n\t\t\t<div class=\"elementor-spacer-inner\"><\/div>\n\t\t<\/div>\n\t\t\t\t\t\t<\/div>\n\t\t\t\t<\/div>\n\t\t\t\t\t<\/div>\n\t\t<\/div>\n\t\t\t\t<div class=\"elementor-column elementor-col-33 elementor-top-column elementor-element elementor-element-7e5c9f6 elementor-hidden-tablet elementor-hidden-mobile\" data-id=\"7e5c9f6\" data-element_type=\"column\" data-e-type=\"column\">\n\t\t\t<div class=\"elementor-widget-wrap\">\n\t\t\t\t\t\t\t<\/div>\n\t\t<\/div>\n\t\t\t\t<div class=\"elementor-column elementor-col-33 elementor-top-column elementor-element elementor-element-6fd4498 elementor-hidden-tablet elementor-hidden-mobile\" data-id=\"6fd4498\" data-element_type=\"column\" data-e-type=\"column\">\n\t\t\t<div class=\"elementor-widget-wrap\">\n\t\t\t\t\t\t\t<\/div>\n\t\t<\/div>\n\t\t\t\t\t<\/div>\n\t\t<\/section>\n\t\t\t\t<section class=\"elementor-section elementor-top-section elementor-element elementor-element-84549c0 elementor-section-full_width elementor-section-height-default elementor-section-height-default parallax_section_no qode_elementor_container_no\" data-id=\"84549c0\" data-element_type=\"section\" data-e-type=\"section\" data-settings=\"{&quot;background_background&quot;:&quot;classic&quot;}\">\n\t\t\t\t\t\t<div class=\"elementor-container elementor-column-gap-default\">\n\t\t\t\t\t<div class=\"elementor-column elementor-col-100 elementor-top-column elementor-element elementor-element-56dec26\" data-id=\"56dec26\" data-element_type=\"column\" data-e-type=\"column\">\n\t\t\t<div class=\"elementor-widget-wrap elementor-element-populated\">\n\t\t\t\t\t\t<section class=\"elementor-section elementor-inner-section elementor-element elementor-element-1e15656 elementor-section-full_width qode_elementor_container_inner elementor-section-height-default elementor-section-height-default parallax_section_no\" data-id=\"1e15656\" data-element_type=\"section\" data-e-type=\"section\">\n\t\t\t\t\t\t<div class=\"elementor-container elementor-column-gap-default\">\n\t\t\t\t\t<div class=\"elementor-column elementor-col-50 elementor-inner-column elementor-element elementor-element-271e34d\" data-id=\"271e34d\" data-element_type=\"column\" data-e-type=\"column\">\n\t\t\t<div class=\"elementor-widget-wrap elementor-element-populated\">\n\t\t\t\t\t\t<div class=\"elementor-element elementor-element-50485fe elementor-widget elementor-widget-heading\" data-id=\"50485fe\" data-element_type=\"widget\" data-e-type=\"widget\" data-widget_type=\"heading.default\">\n\t\t\t\t<div class=\"elementor-widget-container\">\n\t\t\t\t\t<h6 class=\"elementor-heading-title elementor-size-default\">Fundaci\u00f3n llars compartides<\/h6>\t\t\t\t<\/div>\n\t\t\t\t<\/div>\n\t\t\t\t<div class=\"elementor-element elementor-element-001a4f7 elementor-widget elementor-widget-heading\" data-id=\"001a4f7\" data-element_type=\"widget\" data-e-type=\"widget\" data-widget_type=\"heading.default\">\n\t\t\t\t<div class=\"elementor-widget-container\">\n\t\t\t\t\t<h2 class=\"elementor-heading-title elementor-size-default\">Herencies y legados<\/h2>\t\t\t\t<\/div>\n\t\t\t\t<\/div>\n\t\t\t\t<div class=\"elementor-element elementor-element-360a10e elementor-widget elementor-widget-text-editor\" data-id=\"360a10e\" data-element_type=\"widget\" data-e-type=\"widget\" data-widget_type=\"text-editor.default\">\n\t\t\t\t<div class=\"elementor-widget-container\">\n\t\t\t\t\t\t\t\t\t<h4>Puedes ayudarnos a seguir trabajando en el modelo hogares compartidos<\/h4>\n\t\t\t\t\t\t\t\t<\/div>\n\t\t\t\t<\/div>\n\t\t\t\t\t<\/div>\n\t\t<\/div>\n\t\t\t\t<div class=\"elementor-column elementor-col-50 elementor-inner-column elementor-element elementor-element-b5efb57\" data-id=\"b5efb57\" data-element_type=\"column\" data-e-type=\"column\">\n\t\t\t<div class=\"elementor-widget-wrap elementor-element-populated\">\n\t\t\t\t\t\t<div class=\"elementor-element elementor-element-2b231f1 elementor-widget elementor-widget-text-editor\" data-id=\"2b231f1\" data-element_type=\"widget\" data-e-type=\"widget\" data-widget_type=\"text-editor.default\">\n\t\t\t\t<div class=\"elementor-widget-container\">\n\t\t\t\t\t\t\t\t\t<p><span class=\"bb span_bb\">Si quieres incluir la Fundaci\u00f3n en el testamento como heredera o beneficiaria de un legado, av\u00edsanos que nos has incluido para asegurar que se cumple tu voluntad. <\/span><a class=\"bb a_bb\" href=\"http:\/\/comunicacio@llarscompartides.org\/\"><span class=\"bb span_bb\">comunicacio@llarscompartides.org<\/span><\/a><\/p>\n<p><span class=\"bb span_bb\">Deber\u00e1s indicar qu\u00e9 es lo que quieres legar a la Fundaci\u00f3n, y hacer constar los siguientes datos:<\/span><\/p>\n<p><span class=\"bb span_bb\"><strong class=\"bb strong_bb\">Fundaci\u00f3n Privada LLars Compartides<\/strong><br \/>Travessera de les Corts 39,43, 2n.<br \/>08028 Barcelona<br \/>CIF G63352371<\/span><\/p>\n<p><span class=\"bb span_bb\">Si quieres m\u00e1s informaci\u00f3n sobre esta forma de colaboraci\u00f3n, o prefieres conocernos personalmente, no dudes en contactar con nosotros.<\/span><\/p>\n\t\t\t\t\t\t\t\t<\/div>\n\t\t\t\t<\/div>\n\t\t\t\t\t<\/div>\n\t\t<\/div>\n\t\t\t\t\t<\/div>\n\t\t<\/section>\n\t\t\t\t\t<\/div>\n\t\t<\/div>\n\t\t\t\t\t<\/div>\n\t\t<\/section>\n\t\t\t\t<\/div>\n\t\t","protected":false},"excerpt":{"rendered":"<p>Qu\u00e9 puedes hacer &#8211; Hererencias y legados Hacer testamento a favor de una organizaci\u00f3n ben\u00e9fica, es la mejor manera de ofrecer tu solidaridad m\u00e1s all\u00e1 del tiempo. Fundaci\u00f3n llars compartides Herencies y legados Puedes ayudarnos a seguir trabajando en el modelo hogares compartidos Si quieres&#8230;<\/p>\n","protected":false},"author":3,"featured_media":0,"parent":1915,"menu_order":4,"comment_status":"closed","ping_status":"closed","template":"full_width.php","meta":{"footnotes":""},"class_list":["post-1911","page","type-page","status-publish","hentry"],"yoast_head":"<!-- This site is optimized with the Yoast SEO plugin v27.5 - https:\/\/yoast.com\/product\/yoast-seo-wordpress\/ -->\n<title>Herencies y legados - FLLC<\/title>\n<meta name=\"robots\" content=\"index, follow, max-snippet:-1, max-image-preview:large, max-video-preview:-1\" \/>\n<link rel=\"canonical\" href=\"https:\/\/llarscompartides.org\/es\/que-puedes-hacer\/herencies-y-legados\/\" \/>\n<meta property=\"og:locale\" content=\"es_ES\" \/>\n<meta property=\"og:type\" content=\"article\" \/>\n<meta property=\"og:title\" content=\"Herencies y legados - FLLC\" \/>\n<meta property=\"og:description\" content=\"Qu\u00e9 puedes hacer &#8211; Hererencias y legados Hacer testamento a favor de una organizaci\u00f3n ben\u00e9fica, es la mejor manera de ofrecer tu solidaridad m\u00e1s all\u00e1 del tiempo. Fundaci\u00f3n llars compartides Herencies y legados Puedes ayudarnos a seguir trabajando en el modelo hogares compartidos Si quieres...\" \/>\n<meta property=\"og:url\" content=\"https:\/\/llarscompartides.org\/es\/que-puedes-hacer\/herencies-y-legados\/\" \/>\n<meta property=\"og:site_name\" content=\"FLLC\" \/>\n<meta property=\"article:modified_time\" content=\"2023-07-19T10:31:11+00:00\" \/>\n<meta name=\"twitter:card\" content=\"summary_large_image\" \/>\n<meta name=\"twitter:site\" content=\"@LlarsCompartids\" \/>\n<meta name=\"twitter:label1\" content=\"Tiempo de lectura\" \/>\n\t<meta name=\"twitter:data1\" content=\"1 minuto\" \/>\n<script type=\"application\/ld+json\" class=\"yoast-schema-graph\">{\"@context\":\"https:\\\/\\\/schema.org\",\"@graph\":[{\"@type\":\"WebPage\",\"@id\":\"https:\\\/\\\/llarscompartides.org\\\/es\\\/que-puedes-hacer\\\/herencies-y-legados\\\/\",\"url\":\"https:\\\/\\\/llarscompartides.org\\\/es\\\/que-puedes-hacer\\\/herencies-y-legados\\\/\",\"name\":\"Herencies y legados - FLLC\",\"isPartOf\":{\"@id\":\"https:\\\/\\\/llarscompartides.org\\\/es\\\/#website\"},\"datePublished\":\"2023-06-19T07:40:38+00:00\",\"dateModified\":\"2023-07-19T10:31:11+00:00\",\"breadcrumb\":{\"@id\":\"https:\\\/\\\/llarscompartides.org\\\/es\\\/que-puedes-hacer\\\/herencies-y-legados\\\/#breadcrumb\"},\"inLanguage\":\"es\",\"potentialAction\":[{\"@type\":\"ReadAction\",\"target\":[\"https:\\\/\\\/llarscompartides.org\\\/es\\\/que-puedes-hacer\\\/herencies-y-legados\\\/\"]}]},{\"@type\":\"BreadcrumbList\",\"@id\":\"https:\\\/\\\/llarscompartides.org\\\/es\\\/que-puedes-hacer\\\/herencies-y-legados\\\/#breadcrumb\",\"itemListElement\":[{\"@type\":\"ListItem\",\"position\":1,\"name\":\"Home\",\"item\":\"https:\\\/\\\/llarscompartides.org\\\/es\\\/inicio-nueva\\\/\"},{\"@type\":\"ListItem\",\"position\":2,\"name\":\"Herencies y legados\"}]},{\"@type\":\"WebSite\",\"@id\":\"https:\\\/\\\/llarscompartides.org\\\/es\\\/#website\",\"url\":\"https:\\\/\\\/llarscompartides.org\\\/es\\\/\",\"name\":\"llarscompartides.com\",\"description\":\"Fundaci\u00f3 llars compartides\",\"publisher\":{\"@id\":\"https:\\\/\\\/llarscompartides.org\\\/es\\\/#organization\"},\"potentialAction\":[{\"@type\":\"SearchAction\",\"target\":{\"@type\":\"EntryPoint\",\"urlTemplate\":\"https:\\\/\\\/llarscompartides.org\\\/es\\\/?s={search_term_string}\"},\"query-input\":{\"@type\":\"PropertyValueSpecification\",\"valueRequired\":true,\"valueName\":\"search_term_string\"}}],\"inLanguage\":\"es\"},{\"@type\":\"Organization\",\"@id\":\"https:\\\/\\\/llarscompartides.org\\\/es\\\/#organization\",\"name\":\"Fundaci\u00f3 Llars Compartides\",\"url\":\"https:\\\/\\\/llarscompartides.org\\\/es\\\/\",\"logo\":{\"@type\":\"ImageObject\",\"inLanguage\":\"es\",\"@id\":\"https:\\\/\\\/llarscompartides.org\\\/es\\\/#\\\/schema\\\/logo\\\/image\\\/\",\"url\":\"https:\\\/\\\/llarscompartides.org\\\/wp-content\\\/uploads\\\/2023\\\/06\\\/logo-llars-compartides-001.jpg\",\"contentUrl\":\"https:\\\/\\\/llarscompartides.org\\\/wp-content\\\/uploads\\\/2023\\\/06\\\/logo-llars-compartides-001.jpg\",\"width\":1684,\"height\":1191,\"caption\":\"Fundaci\u00f3 Llars Compartides\"},\"image\":{\"@id\":\"https:\\\/\\\/llarscompartides.org\\\/es\\\/#\\\/schema\\\/logo\\\/image\\\/\"},\"sameAs\":[\"https:\\\/\\\/x.com\\\/LlarsCompartids\",\"https:\\\/\\\/www.linkedin.com\\\/in\\\/fundaci-privada-llars-compartides-930216a6\\\/\"]}]}<\/script>\n<!-- \/ Yoast SEO plugin. -->","yoast_head_json":{"title":"Herencies y legados - FLLC","robots":{"index":"index","follow":"follow","max-snippet":"max-snippet:-1","max-image-preview":"max-image-preview:large","max-video-preview":"max-video-preview:-1"},"canonical":"https:\/\/llarscompartides.org\/es\/que-puedes-hacer\/herencies-y-legados\/","og_locale":"es_ES","og_type":"article","og_title":"Herencies y legados - FLLC","og_description":"Qu\u00e9 puedes hacer &#8211; Hererencias y legados Hacer testamento a favor de una organizaci\u00f3n ben\u00e9fica, es la mejor manera de ofrecer tu solidaridad m\u00e1s all\u00e1 del tiempo. Fundaci\u00f3n llars compartides Herencies y legados Puedes ayudarnos a seguir trabajando en el modelo hogares compartidos Si quieres...","og_url":"https:\/\/llarscompartides.org\/es\/que-puedes-hacer\/herencies-y-legados\/","og_site_name":"FLLC","article_modified_time":"2023-07-19T10:31:11+00:00","twitter_card":"summary_large_image","twitter_site":"@LlarsCompartids","twitter_misc":{"Tiempo de lectura":"1 minuto"},"schema":{"@context":"https:\/\/schema.org","@graph":[{"@type":"WebPage","@id":"https:\/\/llarscompartides.org\/es\/que-puedes-hacer\/herencies-y-legados\/","url":"https:\/\/llarscompartides.org\/es\/que-puedes-hacer\/herencies-y-legados\/","name":"Herencies y legados - FLLC","isPartOf":{"@id":"https:\/\/llarscompartides.org\/es\/#website"},"datePublished":"2023-06-19T07:40:38+00:00","dateModified":"2023-07-19T10:31:11+00:00","breadcrumb":{"@id":"https:\/\/llarscompartides.org\/es\/que-puedes-hacer\/herencies-y-legados\/#breadcrumb"},"inLanguage":"es","potentialAction":[{"@type":"ReadAction","target":["https:\/\/llarscompartides.org\/es\/que-puedes-hacer\/herencies-y-legados\/"]}]},{"@type":"BreadcrumbList","@id":"https:\/\/llarscompartides.org\/es\/que-puedes-hacer\/herencies-y-legados\/#breadcrumb","itemListElement":[{"@type":"ListItem","position":1,"name":"Home","item":"https:\/\/llarscompartides.org\/es\/inicio-nueva\/"},{"@type":"ListItem","position":2,"name":"Herencies y legados"}]},{"@type":"WebSite","@id":"https:\/\/llarscompartides.org\/es\/#website","url":"https:\/\/llarscompartides.org\/es\/","name":"llarscompartides.com","description":"Fundaci\u00f3 llars compartides","publisher":{"@id":"https:\/\/llarscompartides.org\/es\/#organization"},"potentialAction":[{"@type":"SearchAction","target":{"@type":"EntryPoint","urlTemplate":"https:\/\/llarscompartides.org\/es\/?s={search_term_string}"},"query-input":{"@type":"PropertyValueSpecification","valueRequired":true,"valueName":"search_term_string"}}],"inLanguage":"es"},{"@type":"Organization","@id":"https:\/\/llarscompartides.org\/es\/#organization","name":"Fundaci\u00f3 Llars Compartides","url":"https:\/\/llarscompartides.org\/es\/","logo":{"@type":"ImageObject","inLanguage":"es","@id":"https:\/\/llarscompartides.org\/es\/#\/schema\/logo\/image\/","url":"https:\/\/llarscompartides.org\/wp-content\/uploads\/2023\/06\/logo-llars-compartides-001.jpg","contentUrl":"https:\/\/llarscompartides.org\/wp-content\/uploads\/2023\/06\/logo-llars-compartides-001.jpg","width":1684,"height":1191,"caption":"Fundaci\u00f3 Llars Compartides"},"image":{"@id":"https:\/\/llarscompartides.org\/es\/#\/schema\/logo\/image\/"},"sameAs":["https:\/\/x.com\/LlarsCompartids","https:\/\/www.linkedin.com\/in\/fundaci-privada-llars-compartides-930216a6\/"]}]}},"_links":{"self":[{"href":"https:\/\/llarscompartides.org\/es\/wp-json\/wp\/v2\/pages\/1911","targetHints":{"allow":["GET"]}}],"collection":[{"href":"https:\/\/llarscompartides.org\/es\/wp-json\/wp\/v2\/pages"}],"about":[{"href":"https:\/\/llarscompartides.org\/es\/wp-json\/wp\/v2\/types\/page"}],"author":[{"embeddable":true,"href":"https:\/\/llarscompartides.org\/es\/wp-json\/wp\/v2\/users\/3"}],"replies":[{"embeddable":true,"href":"https:\/\/llarscompartides.org\/es\/wp-json\/wp\/v2\/comments?post=1911"}],"version-history":[{"count":1,"href":"https:\/\/llarscompartides.org\/es\/wp-json\/wp\/v2\/pages\/1911\/revisions"}],"predecessor-version":[{"id":1912,"href":"https:\/\/llarscompartides.org\/es\/wp-json\/wp\/v2\/pages\/1911\/revisions\/1912"}],"up":[{"embeddable":true,"href":"https:\/\/llarscompartides.org\/es\/wp-json\/wp\/v2\/pages\/1915"}],"wp:attachment":[{"href":"https:\/\/llarscompartides.org\/es\/wp-json\/wp\/v2\/media?parent=1911"}],"curies":[{"name":"wp","href":"https:\/\/api.w.org\/{rel}","templated":true}]}}